{"id":3345,"date":"2023-10-29T13:51:18","date_gmt":"2023-10-29T13:51:18","guid":{"rendered":"https:\/\/letoilerestaurant.fr\/?post_type=product&#038;p=3345"},"modified":"2024-12-04T13:06:36","modified_gmt":"2024-12-04T13:06:36","slug":"zarlouk","status":"publish","type":"product","link":"https:\/\/letoilerestaurant.fr\/index.php\/product\/zarlouk\/","title":{"rendered":"ZARLOUK"},"content":{"rendered":"","protected":false},"excerpt":{"rendered":"<p>Aubergine \u00e0 l&rsquo;a\u00efl et \u00e0 l&rsquo;huile d&rsquo;olive<\/p>\n","protected":false},"featured_media":3342,"template":"","meta":[],"product_brand":[],"product_cat":[70],"product_tag":[],"class_list":{"0":"post-3345","1":"product","2":"type-product","3":"status-publish","4":"has-post-thumbnail","6":"product_cat-entrees","7":"vs-product","9":"first","10":"instock","11":"shipping-taxable","12":"purchasable","13":"product-type-simple"},"jetpack_sharing_enabled":true,"_links":{"self":[{"href":"https:\/\/letoilerestaurant.fr\/index.php\/wp-json\/wp\/v2\/product\/3345"}],"collection":[{"href":"https:\/\/letoilerestaurant.fr\/index.php\/wp-json\/wp\/v2\/product"}],"about":[{"href":"https:\/\/letoilerestaurant.fr\/index.php\/wp-json\/wp\/v2\/types\/product"}],"wp:featuredmedia":[{"embeddable":true,"href":"https:\/\/letoilerestaurant.fr\/index.php\/wp-json\/wp\/v2\/media\/3342"}],"wp:attachment":[{"href":"https:\/\/letoilerestaurant.fr\/index.php\/wp-json\/wp\/v2\/media?parent=3345"}],"wp:term":[{"taxonomy":"product_brand","embeddable":true,"href":"https:\/\/letoilerestaurant.fr\/index.php\/wp-json\/wp\/v2\/product_brand?post=3345"},{"taxonomy":"product_cat","embeddable":true,"href":"https:\/\/letoilerestaurant.fr\/index.php\/wp-json\/wp\/v2\/product_cat?post=3345"},{"taxonomy":"product_tag","embeddable":true,"href":"https:\/\/letoilerestaurant.fr\/index.php\/wp-json\/wp\/v2\/product_tag?post=3345"}],"curies":[{"name":"wp","href":"https:\/\/api.w.org\/{rel}","templated":true}]}}